{"id":28,"date":"2023-06-20T21:58:00","date_gmt":"2023-06-20T21:58:00","guid":{"rendered":"https:\/\/dvdbotinec.hr\/Nova\/?page_id=28"},"modified":"2024-05-19T12:38:56","modified_gmt":"2024-05-19T12:38:56","slug":"povjerenstvo-za-mladez","status":"publish","type":"page","link":"https:\/\/dvdbotinec.hr\/Nova\/?page_id=28","title":{"rendered":"Povjerenstvo za mlade\u017e"},"content":{"rendered":"\n<figure class=\"wp-block-table\"><table><tbody><tr><td><img loading=\"lazy\" decoding=\"async\" width=\"680\" height=\"677\" class=\"wp-image-119\" style=\"width: 680px;\" src=\"https:\/\/dvdbotinec.hr\/Nova\/wp-content\/uploads\/2024\/04\/ToticIvana.png\" alt=\"\" srcset=\"https:\/\/dvdbotinec.hr\/Nova\/wp-content\/uploads\/2024\/04\/ToticIvana.png 254w, https:\/\/dvdbotinec.hr\/Nova\/wp-content\/uploads\/2024\/04\/ToticIvana-150x150.png 150w, https:\/\/dvdbotinec.hr\/Nova\/wp-content\/uploads\/2024\/04\/ToticIvana-12x12.png 12w\" sizes=\"auto, (max-width: 680px) 100vw, 680px\" \/><\/td><td>&nbsp;<\/td><td>Ivana Toti\u0107 Predsjednica Povjerenstva Vatrogasac I klase \u010clan je DVD-a Botinec od 2008. godine. Du\u017enost Predsjednice Povjerenstva preuzela je 2022. godine.<\/td><\/tr><tr><td>&nbsp;<\/td><\/tr><tr><td><img loading=\"lazy\" decoding=\"async\" width=\"680\" height=\"829\" class=\"wp-image-80\" style=\"width: 680px;\" src=\"https:\/\/dvdbotinec.hr\/Nova\/wp-content\/uploads\/2023\/08\/ToticAnaMarija.png\" alt=\"\" srcset=\"https:\/\/dvdbotinec.hr\/Nova\/wp-content\/uploads\/2023\/08\/ToticAnaMarija.png 251w, https:\/\/dvdbotinec.hr\/Nova\/wp-content\/uploads\/2023\/08\/ToticAnaMarija-246x300.png 246w\" sizes=\"auto, (max-width: 680px) 100vw, 680px\" \/><\/td><td>&nbsp;<\/td><td>Ana Maria Toti\u0107 \u010clanica Povjerenstva i Zamjenica Zapovjednika DVD-a.  Vatrogasac I klase. \u010clan je DVD-a od 2008. godine.<\/td><\/tr><tr><td>&nbsp;<\/td><\/tr><tr><td><img loading=\"lazy\" decoding=\"async\" width=\"680\" height=\"840\" class=\"wp-image-160\" style=\"width: 680px;\" src=\"https:\/\/dvdbotinec.hr\/Nova\/wp-content\/uploads\/2024\/04\/StipicIvana.png\" alt=\"\" srcset=\"https:\/\/dvdbotinec.hr\/Nova\/wp-content\/uploads\/2024\/04\/StipicIvana.png 230w, https:\/\/dvdbotinec.hr\/Nova\/wp-content\/uploads\/2024\/04\/StipicIvana-10x12.png 10w\" sizes=\"auto, (max-width: 680px) 100vw, 680px\" \/><\/td><td>&nbsp;<\/td><td>Ivana Stipi\u0107 \u010clanica Povjerenstva. Vatrogasac I klase. \u010clan je DVD-a od 2018. godine.<\/td><\/tr><\/tbody><\/table><\/figure>\n","protected":false},"excerpt":{"rendered":"<p>&nbsp; Ivana Toti\u0107 Predsjednica Povjerenstva Vatrogasac I klase \u010clan je DVD-a Botinec od 2008. godine. Du\u017enost Predsjednice Povjerenstva preuzela je 2022. godine. &nbsp; &nbsp; Ana Maria Toti\u0107 \u010clanica Povjerenstva i Zamjenica Zapovjednika DVD-a. Vatrogasac I klase. \u010clan je DVD-a od 2008. godine. &nbsp; &nbsp; Ivana Stipi\u0107 \u010clanica Povjerenstva. Vatrogasac I klase. \u010clan je DVD-a od &hellip; <\/p>\n<p class=\"link-more\"><a href=\"https:\/\/dvdbotinec.hr\/Nova\/?page_id=28\" class=\"more-link\">Read more<span class=\"screen-reader-text\"> &#8220;Povjerenstvo za mlade\u017e&#8221;<\/span><\/a><\/p>\n","protected":false},"author":1,"featured_media":0,"parent":0,"menu_order":0,"comment_status":"closed","ping_status":"closed","template":"","meta":{"_monsterinsights_skip_tracking":false,"_monsterinsights_sitenote_active":false,"_monsterinsights_sitenote_note":"","_monsterinsights_sitenote_category":0,"ngg_post_thumbnail":0,"footnotes":""},"class_list":["post-28","page","type-page","status-publish","hentry"],"aioseo_notices":[],"featured_media_urls":[],"_links":{"self":[{"href":"https:\/\/dvdbotinec.hr\/Nova\/index.php?rest_route=\/wp\/v2\/pages\/28","targetHints":{"allow":["GET"]}}],"collection":[{"href":"https:\/\/dvdbotinec.hr\/Nova\/index.php?rest_route=\/wp\/v2\/pages"}],"about":[{"href":"https:\/\/dvdbotinec.hr\/Nova\/index.php?rest_route=\/wp\/v2\/types\/page"}],"author":[{"embeddable":true,"href":"https:\/\/dvdbotinec.hr\/Nova\/index.php?rest_route=\/wp\/v2\/users\/1"}],"replies":[{"embeddable":true,"href":"https:\/\/dvdbotinec.hr\/Nova\/index.php?rest_route=%2Fwp%2Fv2%2Fcomments&post=28"}],"version-history":[{"count":6,"href":"https:\/\/dvdbotinec.hr\/Nova\/index.php?rest_route=\/wp\/v2\/pages\/28\/revisions"}],"predecessor-version":[{"id":278,"href":"https:\/\/dvdbotinec.hr\/Nova\/index.php?rest_route=\/wp\/v2\/pages\/28\/revisions\/278"}],"wp:attachment":[{"href":"https:\/\/dvdbotinec.hr\/Nova\/index.php?rest_route=%2Fwp%2Fv2%2Fmedia&parent=28"}],"curies":[{"name":"wp","href":"https:\/\/api.w.org\/{rel}","templated":true}]}}