{"id":26,"date":"2023-06-20T21:58:00","date_gmt":"2023-06-20T21:58:00","guid":{"rendered":"https:\/\/dvdbotinec.hr\/Nova\/?page_id=26"},"modified":"2024-05-19T12:37:13","modified_gmt":"2024-05-19T12:37:13","slug":"zapovjednistvo","status":"publish","type":"page","link":"https:\/\/dvdbotinec.hr\/Nova\/?page_id=26","title":{"rendered":"Zapovjedni\u0161tvo"},"content":{"rendered":"\n<figure class=\"wp-block-table\"><table><tbody><tr><td><img decoding=\"async\" src=\"https:\/\/dvdbotinec.hr\/Nova\/wp-content\/uploads\/2023\/08\/DoroticIvan.jpg\" alt=\"\" style=\"width: 480px;\"><\/td><td>&nbsp;<\/td><td>Ivan Doroti\u0107 Dozapovjednik Vatrogasac I klase \u010clan je DVD-a Botinec od 2001. godine. Du\u017enost dozapovjednika preuzeo je 2017. godine. Dobitnik je spomenice za 10 godina rada, te bro\u010dane i srebrne plamenice.<\/td><\/tr><tr><td>&nbsp;<\/td><\/tr><tr><td><img decoding=\"async\" src=\"https:\/\/dvdbotinec.hr\/Nova\/wp-content\/uploads\/2023\/08\/ToticAnaMarija.png\" alt=\"\" style=\"width: 680px;\"><\/td><td>&nbsp;<\/td><td>Ana Maria Toti\u0107 Zamjenica Zapovjednika Vatrogasac I klase . \u010clanica je DVD-a od 2008. godine. Du\u017enost Zamjenika zapovjednika preuzela je 2022. godine, a \u010dlana Upravnog odbora 2023. godine. \u010clanica je i Povjerenstva za mlade\u017e. Dobitnica je spomenice za 10. godina rada i medalje za zasluge.<\/td><\/tr><tr><td><img decoding=\"async\" src=\"https:\/\/dvdbotinec.hr\/Nova\/wp-content\/uploads\/2024\/04\/TancekMarko.png\" alt=\"\"><\/td><td>&nbsp;<\/td><td>Marko Tan\u010dek Dozapovjednik Vatrogasni do\u010dasnik \u010clan je DVD-a Botinec od 2007. godine. Od 2017. godine preuzima du\u017enost dozapovjednika Dru\u0161tva. Dobitnik je bron\u010dane medalje.<\/td><\/tr><tr><td>&nbsp;<\/td><\/tr><tr><td><\/td><td>&nbsp;<\/td><td>Stjepan Sta\u0161evi\u0107 Tajnik zapovjedni\u0161tva Vatrogasac I klase \u010clan je DVD-a Botinec od 2017. godine. Od 2017. godine preuzima du\u017enost tajnika zapovjedni\u0161tva Dru\u0161tva.<\/td><\/tr><tr><td>&nbsp;<\/td><\/tr><tr><td><img decoding=\"async\" src=\"https:\/\/dvdbotinec.hr\/Nova\/wp-content\/uploads\/2024\/04\/ToticIvana.png\" alt=\"\"><\/td><td>&nbsp;<\/td><td>Ivana Toti\u0107 Predsjednica povjerentva za mlade\u017e Vatrogasac I klase \u010clan je DVD-a od 2012.<\/td><\/tr><tr><td>&nbsp;<\/td><\/tr><tr><td><img decoding=\"async\" src=\"https:\/\/dvdbotinec.hr\/Nova\/wp-content\/uploads\/2024\/04\/BrdaricDragan.png\" alt=\"\"><\/td><td>&nbsp;<\/td><td>Dragan Brdari\u0107 Spremi\u0161tar Vatrogasac I klase \u010clan je DVD-a Botinec od 2013. godine. Dobitnik je bron\u010dane plamenice i bron\u010dane medalje. Od 2021. godine preuzima du\u017enost spremi\u0161tara.<\/td><\/tr><\/tbody><\/table><\/figure>\n","protected":false},"excerpt":{"rendered":"<p>&nbsp; Ivan Doroti\u0107 Dozapovjednik Vatrogasac I klase \u010clan je DVD-a Botinec od 2001. godine. Du\u017enost dozapovjednika preuzeo je 2017. godine. Dobitnik je spomenice za 10 godina rada, te bro\u010dane i srebrne plamenice. &nbsp; &nbsp; Ana Maria Toti\u0107 Zamjenica Zapovjednika Vatrogasac I klase . \u010clanica je DVD-a od 2008. godine. Du\u017enost Zamjenika zapovjednika preuzela je 2022. &hellip; <\/p>\n<p class=\"link-more\"><a href=\"https:\/\/dvdbotinec.hr\/Nova\/?page_id=26\" class=\"more-link\">Read more<span class=\"screen-reader-text\"> &#8220;Zapovjedni\u0161tvo&#8221;<\/span><\/a><\/p>\n","protected":false},"author":1,"featured_media":0,"parent":0,"menu_order":0,"comment_status":"closed","ping_status":"closed","template":"","meta":{"_monsterinsights_skip_tracking":false,"_monsterinsights_sitenote_active":false,"_monsterinsights_sitenote_note":"","_monsterinsights_sitenote_category":0,"ngg_post_thumbnail":0,"footnotes":""},"class_list":["post-26","page","type-page","status-publish","hentry"],"aioseo_notices":[],"featured_media_urls":[],"_links":{"self":[{"href":"https:\/\/dvdbotinec.hr\/Nova\/index.php?rest_route=\/wp\/v2\/pages\/26","targetHints":{"allow":["GET"]}}],"collection":[{"href":"https:\/\/dvdbotinec.hr\/Nova\/index.php?rest_route=\/wp\/v2\/pages"}],"about":[{"href":"https:\/\/dvdbotinec.hr\/Nova\/index.php?rest_route=\/wp\/v2\/types\/page"}],"author":[{"embeddable":true,"href":"https:\/\/dvdbotinec.hr\/Nova\/index.php?rest_route=\/wp\/v2\/users\/1"}],"replies":[{"embeddable":true,"href":"https:\/\/dvdbotinec.hr\/Nova\/index.php?rest_route=%2Fwp%2Fv2%2Fcomments&post=26"}],"version-history":[{"count":11,"href":"https:\/\/dvdbotinec.hr\/Nova\/index.php?rest_route=\/wp\/v2\/pages\/26\/revisions"}],"predecessor-version":[{"id":277,"href":"https:\/\/dvdbotinec.hr\/Nova\/index.php?rest_route=\/wp\/v2\/pages\/26\/revisions\/277"}],"wp:attachment":[{"href":"https:\/\/dvdbotinec.hr\/Nova\/index.php?rest_route=%2Fwp%2Fv2%2Fmedia&parent=26"}],"curies":[{"name":"wp","href":"https:\/\/api.w.org\/{rel}","templated":true}]}}