{"id":254,"date":"2024-05-16T22:37:07","date_gmt":"2024-05-16T22:37:07","guid":{"rendered":"https:\/\/dvdbotinec.hr\/Nova\/?page_id=254"},"modified":"2024-05-16T22:50:46","modified_gmt":"2024-05-16T22:50:46","slug":"o-nama","status":"publish","type":"page","link":"https:\/\/dvdbotinec.hr\/Nova\/?page_id=254","title":{"rendered":"O nama"},"content":{"rendered":"\n<p>Dobrovoljo vatrogasno dru\u0161tvo Botinec osnovano je 1972. godine. <\/p>\n\n\n\n<p>Vatrogasni dom DVD-a Botinec nalazi se u zagreba\u010dkom prigradskom naselje Botinec, koje pripada <a href=\"http:\/\/hr.wikipedia.org\/wiki\/Zagreba\u010dke_gradske_\u010detvrti\">gradskoj \u010detvrti<\/a> <a href=\"http:\/\/hr.wikipedia.org\/wiki\/Novi_Zagreb_-_zapad\">Novi Zagreb \u2013 zapad<\/a>. Udaljeno je oko 4,5 km od u\u017eeg gradskog podru\u010dja. Nalazi se ju\u017eno od <a href=\"http:\/\/hr.wikipedia.org\/wiki\/Remetinec\">Remetinca<\/a>, jugozapadno od Svete Klare i isto\u010dno od Blata, a na jugu dopire do gradske obilaznice. Zapadnim obodom naselja prolazi Brezovi\u010dka cesta, koja prema jugu vodi do <a href=\"http:\/\/hr.wikipedia.org\/wiki\/Brezovica\">Brezovice<\/a>, a na isto\u010dnoj strani nalazi se tzv. \u201cStari Botinec\u201d, s pedesetak ku\u0107a.<\/p>\n\n\n\n<p>DVD Botinec u svojoj evidenciji po mati\u010dnim knjigama ima ukupno 70 punoljetnih \u010dlanova i 40 \u010dlanova djece i mlade\u017ei. Prema evidenciji su 42 aktivna \u010dlana, 27 podupiru\u0107ih,  i 1 po\u010dasni \u010dlana Dru\u0161tva.<\/p>\n\n\n\n<p>U \u010dlanstvu imamo 7 ispitanih vatrogasaca, 21 vatrogasac prve klase, 4 do\u010dasnika, 4 do\u010dasnika 1. klase, 7 \u010dasnika,&nbsp; 8 \u010dasnika 1. klase i 1 po\u010dasni vi\u0161i vatrogasni \u010dasnik.<\/p>\n\n\n\n<p>Me\u0111u njima ih je 20 starijih od 60 godina. Od ukupnog broja \u010dlanova, 40 % \u010dine \u017eene.<\/p>\n\n\n\n<div class=\"wp-block-columns alignwide is-layout-flex wp-container-core-columns-is-layout-9d6595d7 wp-block-columns-is-layout-flex\">\n<div class=\"wp-block-column is-layout-flow wp-block-column-is-layout-flow\">\n<figure class=\"wp-block-image size-large\"><img loading=\"lazy\" decoding=\"async\" width=\"1024\" height=\"636\" src=\"https:\/\/dvdbotinec.hr\/Nova\/wp-content\/uploads\/2024\/05\/Operativa_int-3-1024x636.jpg\" alt=\"\" class=\"wp-image-269\" srcset=\"https:\/\/dvdbotinec.hr\/Nova\/wp-content\/uploads\/2024\/05\/Operativa_int-3-1024x636.jpg 1024w, https:\/\/dvdbotinec.hr\/Nova\/wp-content\/uploads\/2024\/05\/Operativa_int-3-300x186.jpg 300w, https:\/\/dvdbotinec.hr\/Nova\/wp-content\/uploads\/2024\/05\/Operativa_int-3-768x477.jpg 768w, https:\/\/dvdbotinec.hr\/Nova\/wp-content\/uploads\/2024\/05\/Operativa_int-3-600x373.jpg 600w, https:\/\/dvdbotinec.hr\/Nova\/wp-content\/uploads\/2024\/05\/Operativa_int-3-1200x746.jpg 1200w, https:\/\/dvdbotinec.hr\/Nova\/wp-content\/uploads\/2024\/05\/Operativa_int-3.jpg 1268w\" sizes=\"auto, (max-width: 1024px) 100vw, 1024px\" \/><\/figure>\n\n\n\n<p class=\"has-black-color has-text-color has-medium-font-size\"><a href=\"#\">Operativa<\/a><\/p>\n\n\n\n<p class=\"has-text-color\" style=\"color:#7a7a7a\">Veliki dio vremena i rada posve\u0107ujemo operativi. Spremnost vatrogasne postrojbe je uvijek na visini \u0161to se pokazuje u provo\u0111enju svakodnevnih aktivnosti, a posebice sposobnosti izvr\u0161avanja svih vrsta intervencija.<\/p>\n<\/div>\n\n\n\n<div class=\"wp-block-column is-layout-flow wp-block-column-is-layout-flow\">\n<figure class=\"wp-block-image size-large is-resized\"><img loading=\"lazy\" decoding=\"async\" width=\"1024\" height=\"648\" src=\"https:\/\/dvdbotinec.hr\/Nova\/wp-content\/uploads\/2024\/05\/Mladez_natjecanja-1-1024x648.jpg\" alt=\"\" class=\"wp-image-249\" style=\"width:282px;height:auto\" srcset=\"https:\/\/dvdbotinec.hr\/Nova\/wp-content\/uploads\/2024\/05\/Mladez_natjecanja-1-1024x648.jpg 1024w, https:\/\/dvdbotinec.hr\/Nova\/wp-content\/uploads\/2024\/05\/Mladez_natjecanja-1-300x190.jpg 300w, https:\/\/dvdbotinec.hr\/Nova\/wp-content\/uploads\/2024\/05\/Mladez_natjecanja-1-768x486.jpg 768w, https:\/\/dvdbotinec.hr\/Nova\/wp-content\/uploads\/2024\/05\/Mladez_natjecanja-1-600x379.jpg 600w, https:\/\/dvdbotinec.hr\/Nova\/wp-content\/uploads\/2024\/05\/Mladez_natjecanja-1.jpg 1197w\" sizes=\"auto, (max-width: 1024px) 100vw, 1024px\" \/><\/figure>\n\n\n\n<p class=\"has-black-color has-text-color has-medium-font-size\"><a href=\"#\">Djeca i mlade\u017e<\/a><\/p>\n\n\n\n<p class=\"has-text-color\" style=\"color:#7a7a7a\">Rad sa djecom i mlade\u017ei je jedan od primarnih zadataka DVD-a Botinec. Veliki dio aktivnosti posve\u0107uje se radu sa djecom i mlade\u017ei, sudjovanjima na natjecanjima, suradnji sa osnovnom \u0161kolom i dje\u010djim vrti\u0107em.<\/p>\n<\/div>\n\n\n\n<div class=\"wp-block-column is-layout-flow wp-block-column-is-layout-flow\">\n<figure class=\"wp-block-image size-large is-resized\"><img loading=\"lazy\" decoding=\"async\" width=\"1024\" height=\"648\" src=\"https:\/\/dvdbotinec.hr\/Nova\/wp-content\/uploads\/2024\/05\/Pobratimski_susreti-1-1024x648.jpg\" alt=\"\" class=\"wp-image-251\" style=\"width:281px;height:auto\" srcset=\"https:\/\/dvdbotinec.hr\/Nova\/wp-content\/uploads\/2024\/05\/Pobratimski_susreti-1-1024x648.jpg 1024w, https:\/\/dvdbotinec.hr\/Nova\/wp-content\/uploads\/2024\/05\/Pobratimski_susreti-1-300x190.jpg 300w, https:\/\/dvdbotinec.hr\/Nova\/wp-content\/uploads\/2024\/05\/Pobratimski_susreti-1-768x486.jpg 768w, https:\/\/dvdbotinec.hr\/Nova\/wp-content\/uploads\/2024\/05\/Pobratimski_susreti-1-1536x971.jpg 1536w, https:\/\/dvdbotinec.hr\/Nova\/wp-content\/uploads\/2024\/05\/Pobratimski_susreti-1-600x379.jpg 600w, https:\/\/dvdbotinec.hr\/Nova\/wp-content\/uploads\/2024\/05\/Pobratimski_susreti-1-1200x759.jpg 1200w, https:\/\/dvdbotinec.hr\/Nova\/wp-content\/uploads\/2024\/05\/Pobratimski_susreti-1.jpg 1627w\" sizes=\"auto, (max-width: 1024px) 100vw, 1024px\" \/><\/figure>\n\n\n\n<p class=\"has-black-color has-text-color has-medium-font-size\"><a href=\"#\">Dru\u0161tveni rad<\/a><\/p>\n\n\n\n<p class=\"has-text-color\" style=\"color:#7a7a7a\">Preko 40 godina odr\u017eavamo prijateljske odnose sa bratskim dru\u0161tvima u Hrvatskoj i Sloveniji, a istodobno razvijamo i poti\u010demo suradnju sa susjedskim i svim ostalim vatrogasnim dru\u0161tvima i organizacijama u Republici Hrvatskoj.<\/p>\n<\/div>\n<\/div>\n","protected":false},"excerpt":{"rendered":"<p>Dobrovoljo vatrogasno dru\u0161tvo Botinec osnovano je 1972. godine. Vatrogasni dom DVD-a Botinec nalazi se u zagreba\u010dkom prigradskom naselje Botinec, koje pripada gradskoj \u010detvrti Novi Zagreb \u2013 zapad. Udaljeno je oko 4,5 km od u\u017eeg gradskog podru\u010dja. Nalazi se ju\u017eno od Remetinca, jugozapadno od Svete Klare i isto\u010dno od Blata, a na jugu dopire do gradske &hellip; <\/p>\n<p class=\"link-more\"><a href=\"https:\/\/dvdbotinec.hr\/Nova\/?page_id=254\" class=\"more-link\">Read more<span class=\"screen-reader-text\"> &#8220;O nama&#8221;<\/span><\/a><\/p>\n","protected":false},"author":1,"featured_media":0,"parent":0,"menu_order":0,"comment_status":"closed","ping_status":"closed","template":"","meta":{"_monsterinsights_skip_tracking":false,"_monsterinsights_sitenote_active":false,"_monsterinsights_sitenote_note":"","_monsterinsights_sitenote_category":0,"ngg_post_thumbnail":0,"footnotes":""},"class_list":["post-254","page","type-page","status-publish","hentry"],"aioseo_notices":[],"featured_media_urls":[],"_links":{"self":[{"href":"https:\/\/dvdbotinec.hr\/Nova\/index.php?rest_route=\/wp\/v2\/pages\/254","targetHints":{"allow":["GET"]}}],"collection":[{"href":"https:\/\/dvdbotinec.hr\/Nova\/index.php?rest_route=\/wp\/v2\/pages"}],"about":[{"href":"https:\/\/dvdbotinec.hr\/Nova\/index.php?rest_route=\/wp\/v2\/types\/page"}],"author":[{"embeddable":true,"href":"https:\/\/dvdbotinec.hr\/Nova\/index.php?rest_route=\/wp\/v2\/users\/1"}],"replies":[{"embeddable":true,"href":"https:\/\/dvdbotinec.hr\/Nova\/index.php?rest_route=%2Fwp%2Fv2%2Fcomments&post=254"}],"version-history":[{"count":6,"href":"https:\/\/dvdbotinec.hr\/Nova\/index.php?rest_route=\/wp\/v2\/pages\/254\/revisions"}],"predecessor-version":[{"id":270,"href":"https:\/\/dvdbotinec.hr\/Nova\/index.php?rest_route=\/wp\/v2\/pages\/254\/revisions\/270"}],"wp:attachment":[{"href":"https:\/\/dvdbotinec.hr\/Nova\/index.php?rest_route=%2Fwp%2Fv2%2Fmedia&parent=254"}],"curies":[{"name":"wp","href":"https:\/\/api.w.org\/{rel}","templated":true}]}}