{"id":25,"date":"2023-06-20T21:58:00","date_gmt":"2023-06-20T21:58:00","guid":{"rendered":"https:\/\/dvdbotinec.hr\/Nova\/?page_id=25"},"modified":"2024-04-27T20:11:09","modified_gmt":"2024-04-27T20:11:09","slug":"upravni-odbor","status":"publish","type":"page","link":"https:\/\/dvdbotinec.hr\/Nova\/?page_id=25","title":{"rendered":"Upravni odbor"},"content":{"rendered":"\n<table><tbody><tr><td><img loading=\"lazy\" decoding=\"async\" width=\"1500\" height=\"1570\" class=\"wp-image-66\" style=\"width: 1500px;\" src=\"https:\/\/dvdbotinec.hr\/Nova\/wp-content\/uploads\/2023\/08\/BanovacIvan.jpg\" alt=\"\"><\/td><td>&nbsp;<\/td><td>&nbsp; Ivan ing. Banovac Po\u010dasni Predsjednik Po\u010dasni Vi\u0161i Vatrogasni \u010dasnik Od 1967. godine \u010dlan je IDVD-a \u017ditokombinat pa sve do 19.11.1972. godine kada postaje, aktivnim \u010dlanom i jednim od osniva\u010da DVD-a Botinec. 1976. godine preuzima du\u017enost Tajnika DVD-a Botinec i obna\u009a\u0161a tu du\u017enost sve do 1984. godina kada postaje Predsjednikom DVD-a. Dobitnik je mnogih vatrogasnih i dr\u017eavnih priznanja, spomenica za 10,20 i 30 godina rada, bron\u010dane, srebrne i zlatne medalje, bron\u010dane plamenice i vatrogasne zvijezde II reda, a 2003. godine Predsjednik republike Hrvatske dodijelio mu je priznaje Red Danice Hrvatske&nbsp;&nbsp;<\/td><\/tr><tr><td>&nbsp;<\/td><\/tr><tr><td><img loading=\"lazy\" decoding=\"async\" width=\"1500\" height=\"2010\" class=\"wp-image-71\" style=\"width: 1500px;\" src=\"https:\/\/dvdbotinec.hr\/Nova\/wp-content\/uploads\/2023\/08\/TkalecKresimir.jpg\" alt=\"\"><\/td><td>&nbsp;<\/td><td>Kre\u0161imir Tkalec Predsjednik Vatrogasni \u010casnik I klase \u010clan je DVD-a od 1983. godine. Du\u017enost dozapovjednika obna\u0161ao je od 1992. pa sve do 2000. godine. 2005. Godine preuzeo je du\u017enost zapovjednika, a od 2009. do 2013. godine du\u017enost dopredsjednika. Dobitnik je mnogih vatrogasnih priznanja, spomenica za 10 i 20 godina rada, bron\u010dane medalje, bron\u010dane plamenice, itd.<\/td><\/tr><tr><td>&nbsp;<\/td><\/tr><tr><td><img loading=\"lazy\" decoding=\"async\" width=\"1500\" height=\"1673\" class=\"wp-image-67\" style=\"width: 1500px;\" src=\"https:\/\/dvdbotinec.hr\/Nova\/wp-content\/uploads\/2023\/08\/BaracStjepan.jpg\" alt=\"\" srcset=\"https:\/\/dvdbotinec.hr\/Nova\/wp-content\/uploads\/2023\/08\/BaracStjepan.jpg 839w, https:\/\/dvdbotinec.hr\/Nova\/wp-content\/uploads\/2023\/08\/BaracStjepan-269x300.jpg 269w, https:\/\/dvdbotinec.hr\/Nova\/wp-content\/uploads\/2023\/08\/BaracStjepan-768x857.jpg 768w, https:\/\/dvdbotinec.hr\/Nova\/wp-content\/uploads\/2023\/08\/BaracStjepan-600x669.jpg 600w\" sizes=\"auto, (max-width: 1500px) 100vw, 1500px\" \/><\/td><td>&nbsp;<\/td><td>Stjepan Bara\u0107 Dopredsjednik Vatrogasac I klase \u010clan je DVD-a od 1992. godine. Du\u017enost Tajnika preuzeo je 2002. godine.Od 2013. &#8211; 2017. godine obna\u0161a du\u017enost Dopredsjednika, koju ponovno preuzima od 2021. godine. Dobitnik je priznanja spomenice za 10 i 20 godina rad, bron\u010dane i srebrne medalje. &nbsp;<\/td><\/tr><tr><td>&nbsp;<\/td><\/tr><tr><td><\/td><td>&nbsp;<\/td><td>Mirjana Pranji\u0107 Tajnica Vatrogasac I kalse.  \u010clanica je DVD-a od 2019. godine. Du\u017enost Tajnice preuzela je 2022. godine<\/td><\/tr><tr><td>&nbsp;<\/td><\/tr><tr><td><img loading=\"lazy\" decoding=\"async\" width=\"1500\" height=\"1635\" class=\"wp-image-68\" style=\"width: 1500px;\" src=\"https:\/\/dvdbotinec.hr\/Nova\/wp-content\/uploads\/2023\/08\/DoroticIvan.jpg\" alt=\"\"><\/td><td>&nbsp;<\/td><td>Ivan Doroti\u0107 Dozapovjednik Vatrogasac I klase \u010clan je DVD-a Botinec od 2001. godine. Du\u017enost dozapovjednika preuzeo je 2017. godine. Dobitnik je spomenice za 10 godina rada, te bro\u010dane i srebrne plamenice.<\/td><\/tr><tr><td>&nbsp;<\/td><\/tr><tr><td><img loading=\"lazy\" decoding=\"async\" width=\"1500\" height=\"1829\" class=\"wp-image-80\" style=\"width: 1500px;\" src=\"https:\/\/dvdbotinec.hr\/Nova\/wp-content\/uploads\/2023\/08\/ToticAnaMarija.png\" alt=\"\" srcset=\"https:\/\/dvdbotinec.hr\/Nova\/wp-content\/uploads\/2023\/08\/ToticAnaMarija.png 251w, https:\/\/dvdbotinec.hr\/Nova\/wp-content\/uploads\/2023\/08\/ToticAnaMarija-246x300.png 246w\" sizes=\"auto, (max-width: 1500px) 100vw, 1500px\" \/><\/td><td>&nbsp;<\/td><td>Ana Maria Toti\u0107 Zamjenica Zapovjednika Vatrogasac I klase . \u010clanica je DVD-a od 2008. godine. Du\u017enost Zamjenika zapovjednika preuzela je 2022. godine, a \u010dlana Upravnog odbora 2023. godine. \u010clanica je i Povjerenstva za mlade\u017e. Dobitnica je spomenice za 10. godina rada i medalje za zasluge.<\/td><\/tr><tr><td>&nbsp;<\/td><\/tr><tr><td><img loading=\"lazy\" decoding=\"async\" width=\"1500\" height=\"1596\" class=\"wp-image-79\" style=\"width: 1500px;\" src=\"https:\/\/dvdbotinec.hr\/Nova\/wp-content\/uploads\/2023\/08\/DoroticIvica.jpg\" alt=\"\" srcset=\"https:\/\/dvdbotinec.hr\/Nova\/wp-content\/uploads\/2023\/08\/DoroticIvica.jpg 1128w, https:\/\/dvdbotinec.hr\/Nova\/wp-content\/uploads\/2023\/08\/DoroticIvica-282x300.jpg 282w, https:\/\/dvdbotinec.hr\/Nova\/wp-content\/uploads\/2023\/08\/DoroticIvica-963x1024.jpg 963w, https:\/\/dvdbotinec.hr\/Nova\/wp-content\/uploads\/2023\/08\/DoroticIvica-768x817.jpg 768w, https:\/\/dvdbotinec.hr\/Nova\/wp-content\/uploads\/2023\/08\/DoroticIvica-600x638.jpg 600w\" sizes=\"auto, (max-width: 1500px) 100vw, 1500px\" \/><\/td><td>&nbsp;<\/td><td>Ivica Doroti\u0107 \u010clan Upravnog odobra \u010casnik I klase \u010clan je DVD-a Botinec od 1987. godine. Du\u017enost \u010dlana Upravnog odbora preuzeo je 1996. godine. Od 2005. do 2009. godine obna\u0161ao je du\u017enost dozapovjednika, a od 2000. do 2011. godine du\u017enost domara. 2013. Godine ponovno preuzima du\u017enost dozapovjednika. Dobitnik je mnogih vatrogasnih priznanja, i spomenice za 10, 20 i 30 godina rada.<\/td><\/tr><tr><td>&nbsp;<\/td><\/tr><tr><td><img loading=\"lazy\" decoding=\"async\" width=\"1500\" height=\"1497\" class=\"wp-image-78\" style=\"width: 1500px;\" src=\"https:\/\/dvdbotinec.hr\/Nova\/wp-content\/uploads\/2023\/08\/PopovicFilip.jpg\" alt=\"\" srcset=\"https:\/\/dvdbotinec.hr\/Nova\/wp-content\/uploads\/2023\/08\/PopovicFilip.jpg 480w, https:\/\/dvdbotinec.hr\/Nova\/wp-content\/uploads\/2023\/08\/PopovicFilip-300x300.jpg 300w, https:\/\/dvdbotinec.hr\/Nova\/wp-content\/uploads\/2023\/08\/PopovicFilip-150x150.jpg 150w\" sizes=\"auto, (max-width: 1500px) 100vw, 1500px\" \/><\/td><td>&nbsp;<\/td><td>Filip Popovi\u0107 \u010clan Upravnog odbora Vatrogasac I klase \u010clan je DVD-a Botinec od 2015. godine.<\/td><\/tr><tr><td>&nbsp;<\/td><\/tr><tr><td><br><img loading=\"lazy\" decoding=\"async\" width=\"150\" height=\"164\" class=\"wp-image-118\" style=\"width: 150px;\" src=\"https:\/\/dvdbotinec.hr\/Nova\/wp-content\/uploads\/2024\/04\/TancekMarko.png\" alt=\"\" srcset=\"https:\/\/dvdbotinec.hr\/Nova\/wp-content\/uploads\/2024\/04\/TancekMarko.png 157w, https:\/\/dvdbotinec.hr\/Nova\/wp-content\/uploads\/2024\/04\/TancekMarko-11x12.png 11w\" sizes=\"auto, (max-width: 150px) 100vw, 150px\" \/><\/td><td>&nbsp;<\/td><td>Marko Tan\u010dek Dozapovjednik Vatrogasni do\u010dasnik \u010clan je DVD-a Botinec od 2007. godine. Od 2017. godine preuzima du\u017enost dozapovjednika Dru\u0161tva i od 2023. \u010dlana Upravnog odbora. Dobitnik je bron\u010dane medalje. &nbsp;<\/td><\/tr><tr><td>&nbsp;<\/td><\/tr><tr><td><img loading=\"lazy\" decoding=\"async\" width=\"1500\" height=\"1928\" class=\"wp-image-65\" style=\"width: 1500px;\" src=\"https:\/\/dvdbotinec.hr\/Nova\/wp-content\/uploads\/2023\/08\/AhelDubravko.jpg\" alt=\"\" srcset=\"https:\/\/dvdbotinec.hr\/Nova\/wp-content\/uploads\/2023\/08\/AhelDubravko.jpg 1654w, https:\/\/dvdbotinec.hr\/Nova\/wp-content\/uploads\/2023\/08\/AhelDubravko-233x300.jpg 233w, https:\/\/dvdbotinec.hr\/Nova\/wp-content\/uploads\/2023\/08\/AhelDubravko-797x1024.jpg 797w, https:\/\/dvdbotinec.hr\/Nova\/wp-content\/uploads\/2023\/08\/AhelDubravko-768x987.jpg 768w, https:\/\/dvdbotinec.hr\/Nova\/wp-content\/uploads\/2023\/08\/AhelDubravko-1195x1536.jpg 1195w, https:\/\/dvdbotinec.hr\/Nova\/wp-content\/uploads\/2023\/08\/AhelDubravko-1593x2048.jpg 1593w, https:\/\/dvdbotinec.hr\/Nova\/wp-content\/uploads\/2023\/08\/AhelDubravko-600x771.jpg 600w, https:\/\/dvdbotinec.hr\/Nova\/wp-content\/uploads\/2023\/08\/AhelDubravko-1200x1542.jpg 1200w\" sizes=\"auto, (max-width: 1500px) 100vw, 1500px\" \/><\/td><td>&nbsp;<\/td><td>Dubravko Ahel \u010clan upravnog odbora \u010clan je DVD-a Botinec od 2008. godine. \u010clan je upravnog odbora od 2009. &#8211; 2017. godine, te od 2021. godine. Dobitnik je spomenice za 10 godina rada, bron\u010dane i srebrne medalje.<\/td><\/tr><tr><td>&nbsp;<\/td><\/tr><tr><td><img loading=\"lazy\" decoding=\"async\" width=\"1500\" height=\"1928\" class=\"wp-image-70\" style=\"width: 1500px;\" src=\"https:\/\/dvdbotinec.hr\/Nova\/wp-content\/uploads\/2023\/08\/StasevicZoran.jpg\" alt=\"\" srcset=\"https:\/\/dvdbotinec.hr\/Nova\/wp-content\/uploads\/2023\/08\/StasevicZoran.jpg 1654w, https:\/\/dvdbotinec.hr\/Nova\/wp-content\/uploads\/2023\/08\/StasevicZoran-233x300.jpg 233w, https:\/\/dvdbotinec.hr\/Nova\/wp-content\/uploads\/2023\/08\/StasevicZoran-797x1024.jpg 797w, https:\/\/dvdbotinec.hr\/Nova\/wp-content\/uploads\/2023\/08\/StasevicZoran-768x987.jpg 768w, https:\/\/dvdbotinec.hr\/Nova\/wp-content\/uploads\/2023\/08\/StasevicZoran-1195x1536.jpg 1195w, https:\/\/dvdbotinec.hr\/Nova\/wp-content\/uploads\/2023\/08\/StasevicZoran-1593x2048.jpg 1593w, https:\/\/dvdbotinec.hr\/Nova\/wp-content\/uploads\/2023\/08\/StasevicZoran-600x771.jpg 600w, https:\/\/dvdbotinec.hr\/Nova\/wp-content\/uploads\/2023\/08\/StasevicZoran-1200x1542.jpg 1200w\" sizes=\"auto, (max-width: 1500px) 100vw, 1500px\" \/><\/td><td>&nbsp;<\/td><td>Zoran Sta\u0161evi\u0107 \u010clan upravnog odbora Vatrogasac I klase \u010clan je DVD-a Botinec od 2000. godine. \u010clana je upravnog odbora od 2009. &#8211; 2017. godine, spremi\u0161tar od 2017. &#8211; 2021., te \u010dlan upravnog odbora od 2021. godine. Dobitnik je spomenice za 10, 20 godina rada, bron\u010dane i srebrne medalje te bron\u010dane plamenice.<\/td><\/tr><\/tbody><\/table>\n","protected":false},"excerpt":{"rendered":"<p>&nbsp; &nbsp; Ivan ing. Banovac Po\u010dasni Predsjednik Po\u010dasni Vi\u0161i Vatrogasni \u010dasnik Od 1967. godine \u010dlan je IDVD-a \u017ditokombinat pa sve do 19.11.1972. godine kada postaje, aktivnim \u010dlanom i jednim od osniva\u010da DVD-a Botinec. 1976. godine preuzima du\u017enost Tajnika DVD-a Botinec i obna\u009a\u0161a tu du\u017enost sve do 1984. godina kada postaje Predsjednikom DVD-a. Dobitnik je mnogih &hellip; <\/p>\n<p class=\"link-more\"><a href=\"https:\/\/dvdbotinec.hr\/Nova\/?page_id=25\" class=\"more-link\">Read more<span class=\"screen-reader-text\"> &#8220;Upravni odbor&#8221;<\/span><\/a><\/p>\n","protected":false},"author":1,"featured_media":0,"parent":0,"menu_order":0,"comment_status":"closed","ping_status":"closed","template":"","meta":{"_monsterinsights_skip_tracking":false,"_monsterinsights_sitenote_active":false,"_monsterinsights_sitenote_note":"","_monsterinsights_sitenote_category":0,"ngg_post_thumbnail":0,"footnotes":""},"class_list":["post-25","page","type-page","status-publish","hentry"],"aioseo_notices":[],"featured_media_urls":[],"_links":{"self":[{"href":"https:\/\/dvdbotinec.hr\/Nova\/index.php?rest_route=\/wp\/v2\/pages\/25","targetHints":{"allow":["GET"]}}],"collection":[{"href":"https:\/\/dvdbotinec.hr\/Nova\/index.php?rest_route=\/wp\/v2\/pages"}],"about":[{"href":"https:\/\/dvdbotinec.hr\/Nova\/index.php?rest_route=\/wp\/v2\/types\/page"}],"author":[{"embeddable":true,"href":"https:\/\/dvdbotinec.hr\/Nova\/index.php?rest_route=\/wp\/v2\/users\/1"}],"replies":[{"embeddable":true,"href":"https:\/\/dvdbotinec.hr\/Nova\/index.php?rest_route=%2Fwp%2Fv2%2Fcomments&post=25"}],"version-history":[{"count":29,"href":"https:\/\/dvdbotinec.hr\/Nova\/index.php?rest_route=\/wp\/v2\/pages\/25\/revisions"}],"predecessor-version":[{"id":230,"href":"https:\/\/dvdbotinec.hr\/Nova\/index.php?rest_route=\/wp\/v2\/pages\/25\/revisions\/230"}],"wp:attachment":[{"href":"https:\/\/dvdbotinec.hr\/Nova\/index.php?rest_route=%2Fwp%2Fv2%2Fmedia&parent=25"}],"curies":[{"name":"wp","href":"https:\/\/api.w.org\/{rel}","templated":true}]}}